{"id":216,"date":"2016-05-02T17:52:37","date_gmt":"2016-05-02T17:52:37","guid":{"rendered":"http:\/\/websitetestzone.vancitystudios.com\/resist-stigma\/fr\/?page_id=216"},"modified":"2016-05-02T17:54:55","modified_gmt":"2016-05-02T17:54:55","slug":"politique-de-confidentialite","status":"publish","type":"page","link":"https:\/\/resiststigma.com\/fr\/politique-de-confidentialite\/","title":{"rendered":"Politique de confidentialite\u0301"},"content":{"rendered":"<p>Nous avons \u00e0 c\u0153ur la protection de la vie priv\u00e9e des personnes qui utilisent notre site.<\/p>\n<p>Nous ne recueillons aucun renseignement de mani\u00e8re syst\u00e9matique sur l\u2019identit\u00e9 de ces personnes. <\/p>\n<p>Nous recueillons en revanche des donn\u00e9es statistiques sur les pages visit\u00e9es et la fr\u00e9quence des visites. Cette information nous sert \u00e0 \u00e9laborer nos contenus et nos programmes.<\/p>\n<p>Nous utilisons Google Analytics pour analyser l\u2019auditoire de notre site Web et am\u00e9liorer nos contenus.<\/p>\n<p>Les renseignements fournis par les visiteurs de notre site sont utilis\u00e9s uniquement pour r\u00e9pondre \u00e0 la requ\u00eate formul\u00e9e par ces derniers.<\/p>\n<p>Nous ne divulguons, ne donnons ni ne vendons aucun renseignement personnel concernant les visiteurs de notre site.<\/p>\n<p>Nous ne sommes pas responsables du contenu des sites Web auxquels est li\u00e9 notre site ni de leurs politiques en mati\u00e8re de protection de la vie priv\u00e9e.<\/p>\n<p>Vos commentaires, questions, pr\u00e9occupations ou plaintes concernant la protection de vos renseignements personnels ou notre politique et nos pratiques en mati\u00e8re de protection de la vie priv\u00e9e doivent \u00eatre communiqu\u00e9s \u00e0 notre responsable de la protection de la vie priv\u00e9e, dont voici les coordonn\u00e9es:<\/p>\n<p><span style=\"font-size:16px;\"><strong><em>Rick Marchand<br \/>\nCommunity-Based Research Centre for Gay Men\u2019s Health<br \/>\nSuite 234\u2013970 Burrard St.<br \/>\nVancouver, British Columbia<br \/>\nCanada, V6Z 2R4<\/em><\/strong><\/span><\/p>\n<p><span style=\"font-size:16px;\"><strong><em>Courriel: <a href=\"mailto:rick@cbrc.net\" target=\"_blank\">rick@cbrc.net<\/a><\/em><\/strong><\/span><\/p>\n","protected":false},"excerpt":{"rendered":"<p>Nous avons \u00e0 c\u0153ur la protection de la vie priv\u00e9e des personnes qui utilisent notre site. Nous ne recueillons aucun renseignement de mani\u00e8re syst\u00e9matique sur l\u2019identit\u00e9 de ces personnes. Nous recueillons en revanche des donn\u00e9es statistiques sur les pages visit\u00e9es [&hellip;]<\/p>\n","protected":false},"author":5,"featured_media":0,"parent":0,"menu_order":0,"comment_status":"closed","ping_status":"closed","template":"","meta":{"_acf_changed":false,"footnotes":""},"class_list":["post-216","page","type-page","status-publish","hentry"],"acf":[],"_links":{"self":[{"href":"https:\/\/resiststigma.com\/fr\/wp-json\/wp\/v2\/pages\/216","targetHints":{"allow":["GET"]}}],"collection":[{"href":"https:\/\/resiststigma.com\/fr\/wp-json\/wp\/v2\/pages"}],"about":[{"href":"https:\/\/resiststigma.com\/fr\/wp-json\/wp\/v2\/types\/page"}],"author":[{"embeddable":true,"href":"https:\/\/resiststigma.com\/fr\/wp-json\/wp\/v2\/users\/5"}],"replies":[{"embeddable":true,"href":"https:\/\/resiststigma.com\/fr\/wp-json\/wp\/v2\/comments?post=216"}],"version-history":[{"count":3,"href":"https:\/\/resiststigma.com\/fr\/wp-json\/wp\/v2\/pages\/216\/revisions"}],"predecessor-version":[{"id":220,"href":"https:\/\/resiststigma.com\/fr\/wp-json\/wp\/v2\/pages\/216\/revisions\/220"}],"wp:attachment":[{"href":"https:\/\/resiststigma.com\/fr\/wp-json\/wp\/v2\/media?parent=216"}],"curies":[{"name":"wp","href":"https:\/\/api.w.org\/{rel}","templated":true}]}}