{"id":249,"date":"2016-05-02T20:34:24","date_gmt":"2016-05-02T20:34:24","guid":{"rendered":"http:\/\/websitetestzone.vancitystudios.com\/resist-stigma\/fr\/?page_id=249"},"modified":"2020-08-14T17:37:15","modified_gmt":"2020-08-14T17:37:15","slug":"nos-coordonnees","status":"publish","type":"page","link":"https:\/\/resiststigma.com\/fr\/nos-coordonnees\/","title":{"rendered":"Nos coordonn\u00e9es"},"content":{"rendered":"<p><strong>R\u00e9siste \u00e0 la stigmatisation est un programme du CBRC.<\/strong><\/p>\n<div>1007-808 Nelson St<\/div>\n<div>Vancouver, BC<\/div>\n<div>Canada, V6Z 2H2<\/div>\n<p>Num\u00e9ro de t\u00e9l\u00e9phone:(604) 568-7478<\/p>\n<p>Adresse \u00e9lectronique du CBRC:\u00a0<a href=\"mailto:keith@cbrc.net\">keith@cbrc.net<\/a><\/p>\n","protected":false},"excerpt":{"rendered":"<p>R\u00e9siste \u00e0 la stigmatisation est un programme du CBRC. 1007-808 Nelson St Vancouver, BC Canada, V6Z 2H2 Num\u00e9ro de t\u00e9l\u00e9phone:(604) 568-7478 Adresse \u00e9lectronique du CBRC:\u00a0keith@cbrc.net<\/p>\n","protected":false},"author":5,"featured_media":0,"parent":0,"menu_order":0,"comment_status":"closed","ping_status":"closed","template":"","meta":{"_acf_changed":false,"footnotes":""},"class_list":["post-249","page","type-page","status-publish","hentry"],"acf":[],"_links":{"self":[{"href":"https:\/\/resiststigma.com\/fr\/wp-json\/wp\/v2\/pages\/249","targetHints":{"allow":["GET"]}}],"collection":[{"href":"https:\/\/resiststigma.com\/fr\/wp-json\/wp\/v2\/pages"}],"about":[{"href":"https:\/\/resiststigma.com\/fr\/wp-json\/wp\/v2\/types\/page"}],"author":[{"embeddable":true,"href":"https:\/\/resiststigma.com\/fr\/wp-json\/wp\/v2\/users\/5"}],"replies":[{"embeddable":true,"href":"https:\/\/resiststigma.com\/fr\/wp-json\/wp\/v2\/comments?post=249"}],"version-history":[{"count":4,"href":"https:\/\/resiststigma.com\/fr\/wp-json\/wp\/v2\/pages\/249\/revisions"}],"predecessor-version":[{"id":694,"href":"https:\/\/resiststigma.com\/fr\/wp-json\/wp\/v2\/pages\/249\/revisions\/694"}],"wp:attachment":[{"href":"https:\/\/resiststigma.com\/fr\/wp-json\/wp\/v2\/media?parent=249"}],"curies":[{"name":"wp","href":"https:\/\/api.w.org\/{rel}","templated":true}]}}