{"id":263,"date":"2016-05-02T21:16:11","date_gmt":"2016-05-02T21:16:11","guid":{"rendered":"http:\/\/websitetestzone.vancitystudios.com\/resist-stigma\/fr\/?page_id=263"},"modified":"2016-05-13T20:16:46","modified_gmt":"2016-05-13T20:16:46","slug":"nos-partenaires","status":"publish","type":"page","link":"https:\/\/resiststigma.com\/fr\/a-propos-de-nous\/nos-partenaires\/","title":{"rendered":"Nos partenaires"},"content":{"rendered":"<p>Le programme R\u00e9siste \u00e0 la stigmatisation travaille en collaboration avec des groupes communautaires et des professionnels de la sant\u00e9 de partout au pays.<\/p>\n<ul>\n<li><a href=\"http:\/\/www.rezosante.org\">R\u00c9ZO<\/a><\/li>\n<li><a href=\"http:\/\/www.cocqsida.com\">COCQ-Sida<\/a><\/li>\n<li><a href=\"http:\/\/www.catie.ca\">CATIE<\/a><\/li>\n<li><a href=\"http:\/\/www.checkhimout.ca\">Health Initiative for Men (HIM)<\/a><\/li>\n<li><a href=\"http:\/\/livingpositive.weebly.com\">Living Positive Resource Centre<\/a><\/li>\n<li><a href=\"http:\/\/www.youthco.org\">YouthCO HIV &amp; Hep C Society<\/a><\/li>\n<li><a href=\"http:\/\/www.hivedmonton.com\">HIV Edmonton<\/a><\/li>\n<li><a href=\"http:\/\/www.rainbowresourcecentre.org\">Rainbow Resource Centre<\/a><\/li>\n<li><a href=\"https:\/\/thisisourspace.ca\">OurSpace<\/a><\/li>\n<li><a href=\"http:\/\/www.actoronto.org\">AIDS Committee of Toronto (ACT)<\/a><\/li>\n<li><a href=\"http:\/\/www.acns.ns.ca\">AIDS Coalition of Nova Scotia<\/a><\/li>\n<\/ul>\n<p><a href=\"mailto:aidan@cbrc.net\">Devenez un de nos partenaires!<\/a><\/p>\n","protected":false},"excerpt":{"rendered":"<p>Le programme R\u00e9siste \u00e0 la stigmatisation travaille en collaboration avec des groupes communautaires et des professionnels de la sant\u00e9 de partout au pays. R\u00c9ZO COCQ-Sida CATIE Health Initiative for Men (HIM) Living Positive Resource Centre YouthCO HIV &amp; Hep C [&hellip;]<\/p>\n","protected":false},"author":5,"featured_media":0,"parent":137,"menu_order":0,"comment_status":"closed","ping_status":"closed","template":"","meta":{"_acf_changed":false,"footnotes":""},"class_list":["post-263","page","type-page","status-publish","hentry"],"acf":[],"_links":{"self":[{"href":"https:\/\/resiststigma.com\/fr\/wp-json\/wp\/v2\/pages\/263","targetHints":{"allow":["GET"]}}],"collection":[{"href":"https:\/\/resiststigma.com\/fr\/wp-json\/wp\/v2\/pages"}],"about":[{"href":"https:\/\/resiststigma.com\/fr\/wp-json\/wp\/v2\/types\/page"}],"author":[{"embeddable":true,"href":"https:\/\/resiststigma.com\/fr\/wp-json\/wp\/v2\/users\/5"}],"replies":[{"embeddable":true,"href":"https:\/\/resiststigma.com\/fr\/wp-json\/wp\/v2\/comments?post=263"}],"version-history":[{"count":3,"href":"https:\/\/resiststigma.com\/fr\/wp-json\/wp\/v2\/pages\/263\/revisions"}],"predecessor-version":[{"id":365,"href":"https:\/\/resiststigma.com\/fr\/wp-json\/wp\/v2\/pages\/263\/revisions\/365"}],"up":[{"embeddable":true,"href":"https:\/\/resiststigma.com\/fr\/wp-json\/wp\/v2\/pages\/137"}],"wp:attachment":[{"href":"https:\/\/resiststigma.com\/fr\/wp-json\/wp\/v2\/media?parent=263"}],"curies":[{"name":"wp","href":"https:\/\/api.w.org\/{rel}","templated":true}]}}