{"id":269,"date":"2016-05-02T21:19:40","date_gmt":"2016-05-02T21:19:40","guid":{"rendered":"http:\/\/websitetestzone.vancitystudios.com\/resist-stigma\/fr\/?page_id=269"},"modified":"2016-05-06T02:36:49","modified_gmt":"2016-05-06T02:36:49","slug":"faites-un-don","status":"publish","type":"page","link":"https:\/\/resiststigma.com\/fr\/faites-un-don\/","title":{"rendered":"Faites un don"},"content":{"rendered":"<p>R\u00e9siste \u00e0 la stigmatisation est un programme du Community-Based Research Centre for Gay Men\u2019s Health (CBRC), qui re\u00e7oit un g\u00e9n\u00e9reux soutien financier de ses partenaires afin de poursuivre sa mission. <\/p>\n<p>Le CBRC est le seul centre de recherche communautaire au Canada se consacrant \u00e0 la sant\u00e9 des hommes gais. Il collabore avec un tout un r\u00e9seau d\u2019organismes et de chercheurs du milieu communautaire ou universitaire partout au Canada et dans le monde, dans le but d\u2019am\u00e9liorer la vie des hommes gais et bisexuels. Le CBRC offre aux jeunes hommes gais la possibilit\u00e9 de s\u2019impliquer dans divers programmes de sant\u00e9 communautaire, dont un sommet annuel sur la sant\u00e9 des hommes gais. Il administre \u00e9galement le sondage Sexe au pr\u00e9sent!, la plus vaste \u00e9tude du genre men\u00e9e aupr\u00e8s des hommes gais et bisexuels au Canada<\/p>\n<p>B\u00e9n\u00e9ficiant du statut d\u2019organisme de bienfaisance, le CBRC est en mesure de d\u00e9livrer des re\u00e7us fiscaux pour les dons qui lui sont vers\u00e9s. Il n\u2019est pas facile d\u2019obtenir du financement pour les programmes venant en aide aux hommes gais. Les dons re\u00e7us par notre organisme d\u00e9terminent en bonne partie les moyens d\u2019action dont il dispose et sa capacit\u00e9 de r\u00e9sister \u00e0 la stigmatisation.<\/p>\n<h4><a href=\"https:\/\/www.canadahelps.org\/dn\/5886\" target=\"_blank\">Faites un don d\u00e8s aujourd\u2019hui!<\/a><\/h4>\n","protected":false},"excerpt":{"rendered":"<p>R\u00e9siste \u00e0 la stigmatisation est un programme du Community-Based Research Centre for Gay Men\u2019s Health (CBRC), qui re\u00e7oit un g\u00e9n\u00e9reux soutien financier de ses partenaires afin de poursuivre sa mission. Le CBRC est le seul centre de recherche communautaire au [&hellip;]<\/p>\n","protected":false},"author":5,"featured_media":0,"parent":0,"menu_order":0,"comment_status":"closed","ping_status":"closed","template":"","meta":{"_acf_changed":false,"footnotes":""},"class_list":["post-269","page","type-page","status-publish","hentry"],"acf":[],"_links":{"self":[{"href":"https:\/\/resiststigma.com\/fr\/wp-json\/wp\/v2\/pages\/269","targetHints":{"allow":["GET"]}}],"collection":[{"href":"https:\/\/resiststigma.com\/fr\/wp-json\/wp\/v2\/pages"}],"about":[{"href":"https:\/\/resiststigma.com\/fr\/wp-json\/wp\/v2\/types\/page"}],"author":[{"embeddable":true,"href":"https:\/\/resiststigma.com\/fr\/wp-json\/wp\/v2\/users\/5"}],"replies":[{"embeddable":true,"href":"https:\/\/resiststigma.com\/fr\/wp-json\/wp\/v2\/comments?post=269"}],"version-history":[{"count":2,"href":"https:\/\/resiststigma.com\/fr\/wp-json\/wp\/v2\/pages\/269\/revisions"}],"predecessor-version":[{"id":312,"href":"https:\/\/resiststigma.com\/fr\/wp-json\/wp\/v2\/pages\/269\/revisions\/312"}],"wp:attachment":[{"href":"https:\/\/resiststigma.com\/fr\/wp-json\/wp\/v2\/media?parent=269"}],"curies":[{"name":"wp","href":"https:\/\/api.w.org\/{rel}","templated":true}]}}