{"id":338,"date":"2016-05-12T22:12:53","date_gmt":"2016-05-12T22:12:53","guid":{"rendered":"https:\/\/resiststigma.com\/fr\/?page_id=338"},"modified":"2016-05-13T16:04:26","modified_gmt":"2016-05-13T16:04:26","slug":"criteres-dadmissibilite","status":"publish","type":"page","link":"https:\/\/resiststigma.com\/fr\/criteres-dadmissibilite\/","title":{"rendered":"Crit\u00e8res d&#8217;admissibilit\u00e9"},"content":{"rendered":"<p><strong>Comment pr\u00e9senter la demande<\/strong><\/p>\n<p>Il suffit de remplir notre <a href=\"https:\/\/resiststigma.com\/fr\/appel-de-propositions\/\">formulaire en ligne<\/a>. Rien de plus facile!<\/p>\n<p><strong>Crit\u00e8re d&#8217;\u00e9ligibilit\u00e9:<\/strong><\/p>\n<p>Les candidats doivent \u00eatre:<\/p>\n<ul>\n<li>Entre les \u00e2ges de 18 et 30\u00a0ans<\/li>\n<li>Demeurant au Canada<\/li>\n<\/ul>\n<p><strong>Crit\u00e8res de s\u00e9lection:<\/strong><\/p>\n<p>Les propositions seront \u00e9tudi\u00e9es par le comit\u00e9 consultatif des jeunes de R\u00e9siste \u00e0 la stigmatisation, un jury compos\u00e9 de jeunes hommes gais, bisexuels, allosexuels bispirituels et trans tout comme toi!<\/p>\n<p>Les projets soumis seront \u00e9valu\u00e9s en fonction des crit\u00e8res suivants\u00a0:<\/p>\n<ul>\n<li>Cr\u00e9ativit\u00e9 d\u2019ensemble<\/li>\n<li>Qualit\u00e9 et clart\u00e9 du message<\/li>\n<li>Qualit\u00e9 d\u2019image<\/li>\n<li>Potentiel viral<\/li>\n<\/ul>\n<p>Si ta proposition est s\u00e9lectionn\u00e9e, elle fera l\u2019objet d\u2019un lancement sous la banni\u00e8re Histoires de r\u00e9sistance \u00e0 la stigmatisation, en comp\u00e9tition avec les autres propositions soumises dans le cadre du programme.<\/p>\n<p>Tu as des questions au sujet du programme ou tu as besoin d\u2019aide pour mettre au point ta proposition? Communique avec nous!<\/p>\n","protected":false},"excerpt":{"rendered":"<p>Comment pr\u00e9senter la demande Il suffit de remplir notre formulaire en ligne. Rien de plus facile! Crit\u00e8re d&#8217;\u00e9ligibilit\u00e9: Les candidats doivent \u00eatre: Entre les \u00e2ges de 18 et 30\u00a0ans Demeurant au Canada Crit\u00e8res de s\u00e9lection: Les propositions seront \u00e9tudi\u00e9es par [&hellip;]<\/p>\n","protected":false},"author":8,"featured_media":0,"parent":0,"menu_order":0,"comment_status":"closed","ping_status":"closed","template":"","meta":{"_acf_changed":false,"footnotes":""},"class_list":["post-338","page","type-page","status-publish","hentry"],"acf":[],"_links":{"self":[{"href":"https:\/\/resiststigma.com\/fr\/wp-json\/wp\/v2\/pages\/338","targetHints":{"allow":["GET"]}}],"collection":[{"href":"https:\/\/resiststigma.com\/fr\/wp-json\/wp\/v2\/pages"}],"about":[{"href":"https:\/\/resiststigma.com\/fr\/wp-json\/wp\/v2\/types\/page"}],"author":[{"embeddable":true,"href":"https:\/\/resiststigma.com\/fr\/wp-json\/wp\/v2\/users\/8"}],"replies":[{"embeddable":true,"href":"https:\/\/resiststigma.com\/fr\/wp-json\/wp\/v2\/comments?post=338"}],"version-history":[{"count":4,"href":"https:\/\/resiststigma.com\/fr\/wp-json\/wp\/v2\/pages\/338\/revisions"}],"predecessor-version":[{"id":361,"href":"https:\/\/resiststigma.com\/fr\/wp-json\/wp\/v2\/pages\/338\/revisions\/361"}],"wp:attachment":[{"href":"https:\/\/resiststigma.com\/fr\/wp-json\/wp\/v2\/media?parent=338"}],"curies":[{"name":"wp","href":"https:\/\/api.w.org\/{rel}","templated":true}]}}